{"id":515,"date":"2023-01-07T09:41:24","date_gmt":"2023-01-07T09:41:24","guid":{"rendered":"https:\/\/marbleheart.at\/?page_id=515"},"modified":"2023-03-02T14:31:37","modified_gmt":"2023-03-02T14:31:37","slug":"pflegehinweise","status":"publish","type":"page","link":"https:\/\/marbleheart.at\/index.php\/pflegehinweise\/","title":{"rendered":"Pflegehinweise"},"content":{"rendered":"\n<div class=\"wp-block-uagb-info-box uagb-block-7650715b uagb-infobox__content-wrap  uagb-infobox-icon-above-title uagb-infobox-image-valign-top\"><div class=\"uagb-ifb-content\"><div class=\"uagb-ifb-title-wrap\"><h3 class=\"uagb-ifb-title\">Pflegehinweise<\/h3><\/div><p class=\"uagb-ifb-desc\"><br>Damit du lange Freude an deinem Resin-Produkt hast, sind ein paar Dinge zu beachten:<br><br>\ud83e\udd0d Nicht in die Sp\u00fclmaschine, den Backofen oder die Mikrowelle geben.<br><br>\ud83e\udd0d Keine hei\u00dfen Gegenst\u00e4nde auf das Produkt stellen, da die Hitzebest\u00e4ndigkeit bei 70\u00b0C liegt (au\u00dfer das Produkt ist explizit als hitzbest\u00e4ndig gekennzeichnet).<br><br>\ud83e\udd0d Am besten reinigt man die Produkte mit Wasser und einem weichen Mikrofasertuch und verzichtet auf jegliche aggressive Reinigungs- oder gar Scheuermittel. Besonders Randbemalungen k\u00f6nnen darunter leiden und verblassen.<br><br>\ud83e\udd0d Epoxidharz ist nicht lebensmittelecht.<br><br>\ud83e\udd0d Bitte verwende die Produkte aus Epoxidharz nicht als Schneidebrett, da diese nicht kratzfest sind.<br><br>\ud83e\udd0d Das Produkt sollte m\u00f6glichst flach gelagert werden und vor \u00fcberm\u00e4\u00dfiger Sonneneinstrahlung gesch\u00fctzt werden.<br><br>\ud83e\udd0d Die Produkte werden vor dem Versand geschliffen und kontrolliert, trotzdem wird empfohlen sie von Kleinkindern fernzuhalten, um eventuelles Verschlucken oder Verletzungen mit sch\u00e4rferen Kanten zu vermeiden.<\/p><\/div><\/div>\n\n\n\n<div class=\"wp-block-group alignfull has-white-color has-text-color has-background has-link-color wp-elements-3f3e0d35d64e7e691c8930190c78ebdc\" style=\"background-color:#9ba8b2;padding-top:4em;padding-bottom:2em\"><div class=\"wp-block-group__inner-container is-layout-flow wp-block-group-is-layout-flow\">\n<div class=\"wp-block-columns is-layout-flex wp-container-core-columns-is-layout-9d6595d7 wp-block-columns-is-layout-flex\">\n<div class=\"wp-block-column is-vertically-aligned-top is-layout-flow wp-block-column-is-layout-flow\" style=\"flex-basis:24.62%\"><div class=\"wp-block-image\">\n<figure class=\"alignright size-large is-resized\"><img loading=\"lazy\" decoding=\"async\" src=\"https:\/\/marbleheart.at\/wp-content\/uploads\/2023\/01\/Marble-Heart.sublogo.watermark.white_.text_-edited-1024x1024.png\" alt=\"\" class=\"wp-image-466\" width=\"250\" height=\"250\" srcset=\"https:\/\/marbleheart.at\/wp-content\/uploads\/2023\/01\/Marble-Heart.sublogo.watermark.white_.text_-edited-1024x1024.png 1024w, https:\/\/marbleheart.at\/wp-content\/uploads\/2023\/01\/Marble-Heart.sublogo.watermark.white_.text_-edited-300x300.png 300w, https:\/\/marbleheart.at\/wp-content\/uploads\/2023\/01\/Marble-Heart.sublogo.watermark.white_.text_-edited-150x150.png 150w, https:\/\/marbleheart.at\/wp-content\/uploads\/2023\/01\/Marble-Heart.sublogo.watermark.white_.text_-edited-768x768.png 768w, https:\/\/marbleheart.at\/wp-content\/uploads\/2023\/01\/Marble-Heart.sublogo.watermark.white_.text_-edited-1536x1536.png 1536w, https:\/\/marbleheart.at\/wp-content\/uploads\/2023\/01\/Marble-Heart.sublogo.watermark.white_.text_-edited.png 1717w\" sizes=\"auto, (max-width: 250px) 100vw, 250px\" \/><\/figure>\n<\/div><\/div>\n\n\n\n<div class=\"wp-block-column is-vertically-aligned-center has-white-color has-text-color is-layout-flow wp-block-column-is-layout-flow\" style=\"flex-basis:18.46%\">\n<div id=\"wp-block-themeisle-blocks-icon-list-fdb12f02\" class=\"wp-block-themeisle-blocks-icon-list\">\n<div id=\"wp-block-themeisle-blocks-icon-list-item-03a18a42\" class=\"wp-block-themeisle-blocks-icon-list-item ticss-65d312e7\"><i class=\"fas fa-angle-right wp-block-themeisle-blocks-icon-list-item-icon\"><\/i><p class=\"wp-block-themeisle-blocks-icon-list-item-content-custom\"><a href=\"https:\/\/marbleheart.at\/?page_id=510\" data-type=\"page\" data-id=\"510\">Impressum<\/a><\/p><\/div>\n\n\n\n<div id=\"wp-block-themeisle-blocks-icon-list-item-cfa92f5a\" class=\"wp-block-themeisle-blocks-icon-list-item\"><i class=\"fas fa-angle-right wp-block-themeisle-blocks-icon-list-item-icon\"><\/i><p class=\"wp-block-themeisle-blocks-icon-list-item-content\"><a href=\"https:\/\/marbleheart.at\/index.php\/kontakt\/\">Kontaktformular<\/a><\/p><\/div>\n\n\n\n<div id=\"wp-block-themeisle-blocks-icon-list-item-bdbaf424\" class=\"wp-block-themeisle-blocks-icon-list-item\"><i class=\"fas fa-angle-right wp-block-themeisle-blocks-icon-list-item-icon\"><\/i><p class=\"wp-block-themeisle-blocks-icon-list-item-content\"><a href=\"https:\/\/marbleheart.at\/?page_id=513\" data-type=\"page\" data-id=\"513\">Datenschutzerkl\u00e4rung<\/a><\/p><\/div>\n\n\n\n<div id=\"wp-block-themeisle-blocks-icon-list-item-b7a4b6cf\" class=\"wp-block-themeisle-blocks-icon-list-item\"><i class=\"fas fa-angle-right wp-block-themeisle-blocks-icon-list-item-icon\"><\/i><p class=\"wp-block-themeisle-blocks-icon-list-item-content\"><a href=\"https:\/\/marbleheart.at\/index.php\/faq\/\">H\u00e4ufige Fragen<\/a><\/p><\/div>\n\n\n\n<div id=\"wp-block-themeisle-blocks-icon-list-item-ca6dd75b\" class=\"wp-block-themeisle-blocks-icon-list-item\"><i class=\"fas fa-angle-right wp-block-themeisle-blocks-icon-list-item-icon\"><\/i><p class=\"wp-block-themeisle-blocks-icon-list-item-content\"><a href=\"https:\/\/marbleheart.at\/?page_id=515\" data-type=\"page\" data-id=\"515\">Pflegehinweise<\/a><\/p><\/div>\n<\/div>\n<\/div>\n\n\n\n<div class=\"wp-block-column is-vertically-aligned-center is-layout-flow wp-block-column-is-layout-flow\" style=\"flex-basis:20%\">\n<div class=\"wp-block-wpzoom-blocks-social-icons is-style-without-canvas-with-border show-icon-labels-style\" style=\"--wpz-social-icons-block-item-font-size:19px;--wpz-social-icons-block-item-padding-horizontal:6px;--wpz-social-icons-block-item-padding-vertical:6px;--wpz-social-icons-block-item-margin-horizontal:5px;--wpz-social-icons-block-item-margin-vertical:5px;--wpz-social-icons-block-item-border-radius:10px;--wpz-social-icons-block-label-font-size:18px;--wpz-social-icons-block-label-color:#fff;--wpz-social-icons-block-label-color-hover:#f1f1f1;--wpz-social-icons-alignment:flex-start\"><a href=\"https:\/\/www.etsy.com\/shop\/MarbleheartShop\" class=\"social-icon-link\" title=\"Etsy\" target=\"_blank\" style=\"--wpz-social-icons-block-item-color:#fff;--wpz-social-icons-block-item-color-hover:#9ba8b2\" rel=\"noopener\"><span class=\"social-icon socicon socicon-etsy\"><\/span><span class=\"icon-label\">Etsy<\/span><\/a><a href=\"https:\/\/www.instagram.com\/marbleheart.at\/\" class=\"social-icon-link\" title=\"Instagram\" target=\"_blank\" style=\"--wpz-social-icons-block-item-color:#fff;--wpz-social-icons-block-item-color-hover:#9ba8b2\" rel=\"noopener\"><span class=\"social-icon socicon socicon-instagram\"><\/span><span class=\"icon-label\">Instagram<\/span><\/a><a href=\"https:\/\/wordpress.org\" class=\"social-icon-link\" title=\"Pinterest\" target=\"_blank\" style=\"--wpz-social-icons-block-item-color:#fff;--wpz-social-icons-block-item-color-hover:#9ba8b2\" rel=\"noopener\"><span class=\"social-icon socicon socicon-pinterest\"><\/span><span class=\"icon-label\">Pinterest<\/span><\/a><\/div>\n<\/div>\n\n\n\n<div class=\"wp-block-column is-layout-flow wp-block-column-is-layout-flow\" style=\"flex-basis:5%\"><\/div>\n<\/div>\n<\/div><\/div>\n","protected":false},"excerpt":{"rendered":"","protected":false},"author":1,"featured_media":0,"parent":0,"menu_order":0,"comment_status":"closed","ping_status":"closed","template":"templates\/full-width-page.php","meta":{"qubely_global_settings":"","qubely_interactions":"","_eb_attr":"","_uag_custom_page_level_css":"","_themeisle_gutenberg_block_has_review":false,"footnotes":""},"class_list":["post-515","page","type-page","status-publish","hentry"],"uagb_featured_image_src":{"full":false,"thumbnail":false,"medium":false,"medium_large":false,"large":false,"1536x1536":false,"2048x2048":false,"qubely_landscape":false,"qubely_portrait":false,"qubely_thumbnail":false},"uagb_author_info":{"display_name":"claudia","author_link":"https:\/\/marbleheart.at\/index.php\/author\/claudia\/"},"uagb_comment_info":0,"uagb_excerpt":null,"_links":{"self":[{"href":"https:\/\/marbleheart.at\/index.php\/wp-json\/wp\/v2\/pages\/515","targetHints":{"allow":["GET"]}}],"collection":[{"href":"https:\/\/marbleheart.at\/index.php\/wp-json\/wp\/v2\/pages"}],"about":[{"href":"https:\/\/marbleheart.at\/index.php\/wp-json\/wp\/v2\/types\/page"}],"author":[{"embeddable":true,"href":"https:\/\/marbleheart.at\/index.php\/wp-json\/wp\/v2\/users\/1"}],"replies":[{"embeddable":true,"href":"https:\/\/marbleheart.at\/index.php\/wp-json\/wp\/v2\/comments?post=515"}],"version-history":[{"count":8,"href":"https:\/\/marbleheart.at\/index.php\/wp-json\/wp\/v2\/pages\/515\/revisions"}],"predecessor-version":[{"id":744,"href":"https:\/\/marbleheart.at\/index.php\/wp-json\/wp\/v2\/pages\/515\/revisions\/744"}],"wp:attachment":[{"href":"https:\/\/marbleheart.at\/index.php\/wp-json\/wp\/v2\/media?parent=515"}],"curies":[{"name":"wp","href":"https:\/\/api.w.org\/{rel}","templated":true}]}}