{"id":209,"date":"2023-01-05T09:32:13","date_gmt":"2023-01-05T09:32:13","guid":{"rendered":"https:\/\/marbleheart.at\/?page_id=209"},"modified":"2024-11-03T17:09:20","modified_gmt":"2024-11-03T17:09:20","slug":"kontakt","status":"publish","type":"page","link":"https:\/\/marbleheart.at\/index.php\/kontakt\/","title":{"rendered":"Kontakt"},"content":{"rendered":"\n<div class=\"wp-block-group alignfull has-text-color has-background\" style=\"color:#161616;background-color:#161616\"><div class=\"wp-block-group__inner-container is-layout-flow wp-block-group-is-layout-flow\">\n<div class=\"wp-block-media-text alignwide is-stacked-on-mobile is-vertically-aligned-center has-background\" style=\"background-color:#e3cbb8;grid-template-columns:27% auto\"><figure class=\"wp-block-media-text__media\"><img loading=\"lazy\" decoding=\"async\" width=\"1024\" height=\"363\" src=\"https:\/\/marbleheart.at\/wp-content\/uploads\/2023\/01\/Lets-get-in-touch_weiss-1024x363.png\" alt=\"\" class=\"wp-image-412 size-full\" srcset=\"https:\/\/marbleheart.at\/wp-content\/uploads\/2023\/01\/Lets-get-in-touch_weiss-1024x363.png 1024w, https:\/\/marbleheart.at\/wp-content\/uploads\/2023\/01\/Lets-get-in-touch_weiss-300x106.png 300w, https:\/\/marbleheart.at\/wp-content\/uploads\/2023\/01\/Lets-get-in-touch_weiss-768x272.png 768w, https:\/\/marbleheart.at\/wp-content\/uploads\/2023\/01\/Lets-get-in-touch_weiss-1536x545.png 1536w, https:\/\/marbleheart.at\/wp-content\/uploads\/2023\/01\/Lets-get-in-touch_weiss-2048x726.png 2048w\" sizes=\"auto, (max-width: 1024px) 100vw, 1024px\" \/><\/figure><div class=\"wp-block-media-text__content\">\n<div style=\"height:48px\" aria-hidden=\"true\" class=\"wp-block-spacer\"><\/div>\n\n\n\n<p class=\"has-white-color has-text-color\">Du bist auf der Suche nach einem einzigartigen und personalisierten Geschenk f\u00fcr einen besonderen Menschen, deine beste Freundin oder deine Brautjungfern? Dann \u00fcberrasche sie doch mit einem handgefertigten Kunstharzobjekt, das ganz auf sie abgestimmt ist. Du kannst aus einer breiten Auswahl an Farben und Designs w\u00e4hlen und deiner Kreativit\u00e4t freien Lauf lassen. Schreib mir doch einfach deine Ideen oder W\u00fcnsche.<\/p>\n\n\n\n<div class=\"wp-block-uagb-advanced-heading uagb-block-702d2b2d\"><h2 class=\"uagb-heading-text\">Bei mir findest du garantiert das perfekte Geschenk, das begeistern wird \u2013 denn Schenken macht ja bekanntlich Freude!<\/h2><\/div>\n<\/div><\/div>\n<\/div><\/div>\n\n\n\n<!--<div class=\"wp-block-contact-form-7-contact-form-selector\">[contact-form-7 id=\"ee1515a\" title=\"Kontakt\"]<\/div>-->\n\n\n\n<div class=\"wp-block-group alignfull has-white-color has-text-color has-background has-link-color wp-elements-3f3e0d35d64e7e691c8930190c78ebdc\" style=\"background-color:#9ba8b2;padding-top:4em;padding-bottom:2em\"><div class=\"wp-block-group__inner-container is-layout-flow wp-block-group-is-layout-flow\">\n<div class=\"wp-block-columns is-layout-flex wp-container-core-columns-is-layout-9d6595d7 wp-block-columns-is-layout-flex\">\n<div class=\"wp-block-column is-vertically-aligned-top is-layout-flow wp-block-column-is-layout-flow\" style=\"flex-basis:24.62%\"><div class=\"wp-block-image\">\n<figure class=\"alignright size-large is-resized\"><img loading=\"lazy\" decoding=\"async\" src=\"https:\/\/marbleheart.at\/wp-content\/uploads\/2023\/01\/Marble-Heart.sublogo.watermark.white_.text_-edited-1024x1024.png\" alt=\"\" class=\"wp-image-466\" width=\"250\" height=\"250\" srcset=\"https:\/\/marbleheart.at\/wp-content\/uploads\/2023\/01\/Marble-Heart.sublogo.watermark.white_.text_-edited-1024x1024.png 1024w, https:\/\/marbleheart.at\/wp-content\/uploads\/2023\/01\/Marble-Heart.sublogo.watermark.white_.text_-edited-300x300.png 300w, https:\/\/marbleheart.at\/wp-content\/uploads\/2023\/01\/Marble-Heart.sublogo.watermark.white_.text_-edited-150x150.png 150w, https:\/\/marbleheart.at\/wp-content\/uploads\/2023\/01\/Marble-Heart.sublogo.watermark.white_.text_-edited-768x768.png 768w, https:\/\/marbleheart.at\/wp-content\/uploads\/2023\/01\/Marble-Heart.sublogo.watermark.white_.text_-edited-1536x1536.png 1536w, https:\/\/marbleheart.at\/wp-content\/uploads\/2023\/01\/Marble-Heart.sublogo.watermark.white_.text_-edited.png 1717w\" sizes=\"auto, (max-width: 250px) 100vw, 250px\" \/><\/figure>\n<\/div><\/div>\n\n\n\n<div class=\"wp-block-column is-vertically-aligned-center has-white-color has-text-color is-layout-flow wp-block-column-is-layout-flow\" style=\"flex-basis:18.46%\">\n<div id=\"wp-block-themeisle-blocks-icon-list-fdb12f02\" class=\"wp-block-themeisle-blocks-icon-list\">\n<div id=\"wp-block-themeisle-blocks-icon-list-item-03a18a42\" class=\"wp-block-themeisle-blocks-icon-list-item ticss-65d312e7\"><i class=\"fas fa-angle-right wp-block-themeisle-blocks-icon-list-item-icon\"><\/i><p class=\"wp-block-themeisle-blocks-icon-list-item-content-custom\"><a href=\"https:\/\/marbleheart.at\/?page_id=510\" data-type=\"page\" data-id=\"510\">Impressum<\/a><\/p><\/div>\n\n\n\n<div id=\"wp-block-themeisle-blocks-icon-list-item-cfa92f5a\" class=\"wp-block-themeisle-blocks-icon-list-item\"><i class=\"fas fa-angle-right wp-block-themeisle-blocks-icon-list-item-icon\"><\/i><p class=\"wp-block-themeisle-blocks-icon-list-item-content\"><a href=\"https:\/\/marbleheart.at\/index.php\/kontakt\/\">Kontaktformular<\/a><\/p><\/div>\n\n\n\n<div id=\"wp-block-themeisle-blocks-icon-list-item-bdbaf424\" class=\"wp-block-themeisle-blocks-icon-list-item\"><i class=\"fas fa-angle-right wp-block-themeisle-blocks-icon-list-item-icon\"><\/i><p class=\"wp-block-themeisle-blocks-icon-list-item-content\"><a href=\"https:\/\/marbleheart.at\/?page_id=513\" data-type=\"page\" data-id=\"513\">Datenschutzerkl\u00e4rung<\/a><\/p><\/div>\n\n\n\n<div id=\"wp-block-themeisle-blocks-icon-list-item-b7a4b6cf\" class=\"wp-block-themeisle-blocks-icon-list-item\"><i class=\"fas fa-angle-right wp-block-themeisle-blocks-icon-list-item-icon\"><\/i><p class=\"wp-block-themeisle-blocks-icon-list-item-content\"><a href=\"https:\/\/marbleheart.at\/index.php\/faq\/\">H\u00e4ufige Fragen<\/a><\/p><\/div>\n\n\n\n<div id=\"wp-block-themeisle-blocks-icon-list-item-ca6dd75b\" class=\"wp-block-themeisle-blocks-icon-list-item\"><i class=\"fas fa-angle-right wp-block-themeisle-blocks-icon-list-item-icon\"><\/i><p class=\"wp-block-themeisle-blocks-icon-list-item-content\"><a href=\"https:\/\/marbleheart.at\/?page_id=515\" data-type=\"page\" data-id=\"515\">Pflegehinweise<\/a><\/p><\/div>\n<\/div>\n<\/div>\n\n\n\n<div class=\"wp-block-column is-vertically-aligned-center is-layout-flow wp-block-column-is-layout-flow\" style=\"flex-basis:20%\">\n<div class=\"wp-block-wpzoom-blocks-social-icons is-style-without-canvas-with-border show-icon-labels-style\" style=\"--wpz-social-icons-block-item-font-size:19px;--wpz-social-icons-block-item-padding-horizontal:6px;--wpz-social-icons-block-item-padding-vertical:6px;--wpz-social-icons-block-item-margin-horizontal:5px;--wpz-social-icons-block-item-margin-vertical:5px;--wpz-social-icons-block-item-border-radius:10px;--wpz-social-icons-block-label-font-size:18px;--wpz-social-icons-block-label-color:#fff;--wpz-social-icons-block-label-color-hover:#f1f1f1;--wpz-social-icons-alignment:flex-start\"><a href=\"https:\/\/www.etsy.com\/shop\/MarbleheartShop\" class=\"social-icon-link\" title=\"Etsy\" target=\"_blank\" style=\"--wpz-social-icons-block-item-color:#fff;--wpz-social-icons-block-item-color-hover:#9ba8b2\" rel=\"noopener\"><span class=\"social-icon socicon socicon-etsy\"><\/span><span class=\"icon-label\">Etsy<\/span><\/a><a href=\"https:\/\/www.instagram.com\/marbleheart.at\/\" class=\"social-icon-link\" title=\"Instagram\" target=\"_blank\" style=\"--wpz-social-icons-block-item-color:#fff;--wpz-social-icons-block-item-color-hover:#9ba8b2\" rel=\"noopener\"><span class=\"social-icon socicon socicon-instagram\"><\/span><span class=\"icon-label\">Instagram<\/span><\/a><a href=\"https:\/\/wordpress.org\" class=\"social-icon-link\" title=\"Pinterest\" target=\"_blank\" style=\"--wpz-social-icons-block-item-color:#fff;--wpz-social-icons-block-item-color-hover:#9ba8b2\" rel=\"noopener\"><span class=\"social-icon socicon socicon-pinterest\"><\/span><span class=\"icon-label\">Pinterest<\/span><\/a><\/div>\n<\/div>\n\n\n\n<div class=\"wp-block-column is-layout-flow wp-block-column-is-layout-flow\" style=\"flex-basis:5%\"><\/div>\n<\/div>\n<\/div><\/div>\n","protected":false},"excerpt":{"rendered":"<p>Du bist auf der Suche nach einem einzigartigen und personalisierten Geschenk f\u00fcr einen besonderen Menschen, deine beste Freundin oder deine Brautjungfern? Dann \u00fcberrasche sie doch mit einem handgefertigten Kunstharzobjekt, das ganz auf sie abgestimmt ist. Du kannst aus einer breiten Auswahl an Farben und Designs w\u00e4hlen und deiner Kreativit\u00e4t freien Lauf lassen. Schreib mir doch einfach deine Ideen oder W\u00fcnsche. Bei mir findest du garantiert das perfekte Geschenk, das begeistern wird \u2013 denn Schenken macht ja bekanntlich Freude!<\/p>\n","protected":false},"author":1,"featured_media":0,"parent":0,"menu_order":4,"comment_status":"closed","ping_status":"closed","template":"","meta":{"qubely_global_settings":"","qubely_interactions":"","_eb_attr":"","_uag_custom_page_level_css":"","_themeisle_gutenberg_block_has_review":false,"footnotes":""},"class_list":["post-209","page","type-page","status-publish","hentry"],"uagb_featured_image_src":{"full":false,"thumbnail":false,"medium":false,"medium_large":false,"large":false,"1536x1536":false,"2048x2048":false,"qubely_landscape":false,"qubely_portrait":false,"qubely_thumbnail":false},"uagb_author_info":{"display_name":"claudia","author_link":"https:\/\/marbleheart.at\/index.php\/author\/claudia\/"},"uagb_comment_info":0,"uagb_excerpt":"Du bist auf der Suche nach einem einzigartigen und personalisierten Geschenk f\u00fcr einen besonderen Menschen, deine beste Freundin oder deine Brautjungfern? Dann \u00fcberrasche sie doch mit einem handgefertigten Kunstharzobjekt, das ganz auf sie abgestimmt ist. Du kannst aus einer breiten Auswahl an Farben und Designs w\u00e4hlen und deiner Kreativit\u00e4t freien Lauf lassen. Schreib mir doch&hellip;","_links":{"self":[{"href":"https:\/\/marbleheart.at\/index.php\/wp-json\/wp\/v2\/pages\/209","targetHints":{"allow":["GET"]}}],"collection":[{"href":"https:\/\/marbleheart.at\/index.php\/wp-json\/wp\/v2\/pages"}],"about":[{"href":"https:\/\/marbleheart.at\/index.php\/wp-json\/wp\/v2\/types\/page"}],"author":[{"embeddable":true,"href":"https:\/\/marbleheart.at\/index.php\/wp-json\/wp\/v2\/users\/1"}],"replies":[{"embeddable":true,"href":"https:\/\/marbleheart.at\/index.php\/wp-json\/wp\/v2\/comments?post=209"}],"version-history":[{"count":60,"href":"https:\/\/marbleheart.at\/index.php\/wp-json\/wp\/v2\/pages\/209\/revisions"}],"predecessor-version":[{"id":784,"href":"https:\/\/marbleheart.at\/index.php\/wp-json\/wp\/v2\/pages\/209\/revisions\/784"}],"wp:attachment":[{"href":"https:\/\/marbleheart.at\/index.php\/wp-json\/wp\/v2\/media?parent=209"}],"curies":[{"name":"wp","href":"https:\/\/api.w.org\/{rel}","templated":true}]}}