{"id":207,"date":"2023-01-05T09:32:12","date_gmt":"2023-01-05T09:32:12","guid":{"rendered":"https:\/\/marbleheart.at\/?page_id=207"},"modified":"2023-02-12T08:45:36","modified_gmt":"2023-02-12T08:45:36","slug":"uber-mich","status":"publish","type":"page","link":"https:\/\/marbleheart.at\/index.php\/uber-mich\/","title":{"rendered":"\u00dcber mich"},"content":{"rendered":"\n<div class=\"wp-block-group alignfull has-text-color has-background\" style=\"color:#161616;background-color:#161616\"><div class=\"wp-block-group__inner-container is-layout-flow wp-block-group-is-layout-flow\">\n<div class=\"wp-block-media-text alignwide is-stacked-on-mobile is-vertically-aligned-bottom has-white-color has-text-color has-background\" style=\"background-color:#e3cbb8;grid-template-columns:28% auto\"><figure class=\"wp-block-media-text__media\"><img loading=\"lazy\" decoding=\"async\" width=\"812\" height=\"1024\" src=\"https:\/\/marbleheart.at\/wp-content\/uploads\/2023\/01\/Objekt-1-812x1024.png\" alt=\"\" class=\"wp-image-308 size-large\" srcset=\"https:\/\/marbleheart.at\/wp-content\/uploads\/2023\/01\/Objekt-1-812x1024.png 812w, https:\/\/marbleheart.at\/wp-content\/uploads\/2023\/01\/Objekt-1-238x300.png 238w, https:\/\/marbleheart.at\/wp-content\/uploads\/2023\/01\/Objekt-1-768x969.png 768w, https:\/\/marbleheart.at\/wp-content\/uploads\/2023\/01\/Objekt-1.png 951w\" sizes=\"auto, (max-width: 812px) 100vw, 812px\" \/><\/figure><div class=\"wp-block-media-text__content\">\n<div style=\"height:14px\" aria-hidden=\"true\" class=\"wp-block-spacer\"><\/div>\n\n\n\n<h2 class=\"wp-block-heading has-white-color has-text-color\">Sch\u00f6n, dass du hier bist!<\/h2>\n\n\n\n<p class=\"has-white-color has-text-color\">Ich hei\u00dfe Claudia und bin im wundersch\u00f6nen Ober\u00f6sterreich in der Gemeinde Scharten zu Hause. Wenn mich meine Zwillinge nicht gerade auf Trab halten, liebe ich es, mich kreativ zu bet\u00e4tigen. Hierbei bleibt nichts vor mir sicher. Seifen sieden, plotten, kn\u00fcpfen, fotografieren,&#8230;alles wird ausprobiert, aber speziell das Gestalten mit Resin hat mein Herz im Sturm erobert. Die M\u00f6glichkeiten sind schier unendlich und auch wenn Epoxidharz selten das tut, was der K\u00fcnstler will, entstehen meist wundersch\u00f6ne Kunstwerke!  <br><br>Habe ich dich neugierig gemacht? Dann schau doch mal in meinem Etsy Shop vorbei! \ud83e\udd0d<\/p>\n\n\n\n<figure class=\"wp-block-image size-large is-resized\"><img loading=\"lazy\" decoding=\"async\" src=\"https:\/\/marbleheart.at\/wp-content\/uploads\/2023\/01\/Unbenannt-5-2-1024x405.png\" alt=\"\" class=\"wp-image-577\" width=\"247\" height=\"98\" srcset=\"https:\/\/marbleheart.at\/wp-content\/uploads\/2023\/01\/Unbenannt-5-2-1024x405.png 1024w, https:\/\/marbleheart.at\/wp-content\/uploads\/2023\/01\/Unbenannt-5-2-300x119.png 300w, https:\/\/marbleheart.at\/wp-content\/uploads\/2023\/01\/Unbenannt-5-2-768x303.png 768w, https:\/\/marbleheart.at\/wp-content\/uploads\/2023\/01\/Unbenannt-5-2.png 1430w\" sizes=\"auto, (max-width: 247px) 100vw, 247px\" \/><\/figure>\n\n\n\n<ul class=\"wp-block-social-links has-visible-labels is-style-logos-only is-layout-flex wp-block-social-links-is-layout-flex\"><li class=\"wp-social-link wp-social-link-etsy  wp-block-social-link\"><a rel=\"noopener nofollow\" target=\"_blank\" href=\"https:\/\/www.etsy.com\/shop\/MarbleheartShop\" class=\"wp-block-social-link-anchor\"><svg width=\"24\" height=\"24\" viewBox=\"0 0 24 24\" version=\"1.1\" xmlns=\"http:\/\/www.w3.org\/2000\/svg\" aria-hidden=\"true\" focusable=\"false\"><path d=\"M9.16033,4.038c0-.27174.02717-.43478.48913-.43478h6.22283c1.087,0,1.68478.92391,2.11957,2.663l.35326,1.38587h1.05978C19.59511,3.712,19.75815,2,19.75815,2s-2.663.29891-4.23913.29891h-7.962L3.29076,2.163v1.1413L4.731,3.57609c1.00543.19022,1.25.40761,1.33152,1.33152,0,0,.08152,2.71739.08152,7.20109s-.08152,7.17391-.08152,7.17391c0,.81522-.32609,1.11413-1.33152,1.30435l-1.44022.27174V22l4.2663-.13587h7.11957c1.60326,0,5.32609.13587,5.32609.13587.08152-.97826.625-5.40761.70652-5.89674H19.7038L18.644,18.52174c-.84239,1.90217-2.06522,2.038-3.42391,2.038H11.1712c-1.3587,0-2.01087-.54348-2.01087-1.712V12.65217s3.0163,0,3.99457.08152c.76087.05435,1.22283.27174,1.46739,1.33152l.32609,1.413h1.16848l-.08152-3.55978.163-3.587H15.02989l-.38043,1.57609c-.24457,1.03261-.40761,1.22283-1.46739,1.33152-1.38587.13587-4.02174.1087-4.02174.1087Z\"><\/path><\/svg><span class=\"wp-block-social-link-label\">Etsy<\/span><\/a><\/li>\n\n<li class=\"wp-social-link wp-social-link-instagram  wp-block-social-link\"><a rel=\"noopener nofollow\" target=\"_blank\" href=\"https:\/\/www.instagram.com\/marbleheart.at\/\" class=\"wp-block-social-link-anchor\"><svg width=\"24\" height=\"24\" viewBox=\"0 0 24 24\" version=\"1.1\" xmlns=\"http:\/\/www.w3.org\/2000\/svg\" aria-hidden=\"true\" focusable=\"false\"><path d=\"M12,4.622c2.403,0,2.688,0.009,3.637,0.052c0.877,0.04,1.354,0.187,1.671,0.31c0.42,0.163,0.72,0.358,1.035,0.673 c0.315,0.315,0.51,0.615,0.673,1.035c0.123,0.317,0.27,0.794,0.31,1.671c0.043,0.949,0.052,1.234,0.052,3.637 s-0.009,2.688-0.052,3.637c-0.04,0.877-0.187,1.354-0.31,1.671c-0.163,0.42-0.358,0.72-0.673,1.035 c-0.315,0.315-0.615,0.51-1.035,0.673c-0.317,0.123-0.794,0.27-1.671,0.31c-0.949,0.043-1.233,0.052-3.637,0.052 s-2.688-0.009-3.637-0.052c-0.877-0.04-1.354-0.187-1.671-0.31c-0.42-0.163-0.72-0.358-1.035-0.673 c-0.315-0.315-0.51-0.615-0.673-1.035c-0.123-0.317-0.27-0.794-0.31-1.671C4.631,14.688,4.622,14.403,4.622,12 s0.009-2.688,0.052-3.637c0.04-0.877,0.187-1.354,0.31-1.671c0.163-0.42,0.358-0.72,0.673-1.035 c0.315-0.315,0.615-0.51,1.035-0.673c0.317-0.123,0.794-0.27,1.671-0.31C9.312,4.631,9.597,4.622,12,4.622 M12,3 C9.556,3,9.249,3.01,8.289,3.054C7.331,3.098,6.677,3.25,6.105,3.472C5.513,3.702,5.011,4.01,4.511,4.511 c-0.5,0.5-0.808,1.002-1.038,1.594C3.25,6.677,3.098,7.331,3.054,8.289C3.01,9.249,3,9.556,3,12c0,2.444,0.01,2.751,0.054,3.711 c0.044,0.958,0.196,1.612,0.418,2.185c0.23,0.592,0.538,1.094,1.038,1.594c0.5,0.5,1.002,0.808,1.594,1.038 c0.572,0.222,1.227,0.375,2.185,0.418C9.249,20.99,9.556,21,12,21s2.751-0.01,3.711-0.054c0.958-0.044,1.612-0.196,2.185-0.418 c0.592-0.23,1.094-0.538,1.594-1.038c0.5-0.5,0.808-1.002,1.038-1.594c0.222-0.572,0.375-1.227,0.418-2.185 C20.99,14.751,21,14.444,21,12s-0.01-2.751-0.054-3.711c-0.044-0.958-0.196-1.612-0.418-2.185c-0.23-0.592-0.538-1.094-1.038-1.594 c-0.5-0.5-1.002-0.808-1.594-1.038c-0.572-0.222-1.227-0.375-2.185-0.418C14.751,3.01,14.444,3,12,3L12,3z M12,7.378 c-2.552,0-4.622,2.069-4.622,4.622S9.448,16.622,12,16.622s4.622-2.069,4.622-4.622S14.552,7.378,12,7.378z M12,15 c-1.657,0-3-1.343-3-3s1.343-3,3-3s3,1.343,3,3S13.657,15,12,15z M16.804,6.116c-0.596,0-1.08,0.484-1.08,1.08 s0.484,1.08,1.08,1.08c0.596,0,1.08-0.484,1.08-1.08S17.401,6.116,16.804,6.116z\"><\/path><\/svg><span class=\"wp-block-social-link-label\">Instagram<\/span><\/a><\/li>\n\n<li class=\"wp-social-link wp-social-link-pinterest  wp-block-social-link\"><a rel=\"noopener nofollow\" target=\"_blank\" href=\"https:\/\/www.pinterest.at\/\" class=\"wp-block-social-link-anchor\"><svg width=\"24\" height=\"24\" viewBox=\"0 0 24 24\" version=\"1.1\" xmlns=\"http:\/\/www.w3.org\/2000\/svg\" aria-hidden=\"true\" focusable=\"false\"><path d=\"M12.289,2C6.617,2,3.606,5.648,3.606,9.622c0,1.846,1.025,4.146,2.666,4.878c0.25,0.111,0.381,0.063,0.439-0.169 c0.044-0.175,0.267-1.029,0.365-1.428c0.032-0.128,0.017-0.237-0.091-0.362C6.445,11.911,6.01,10.75,6.01,9.668 c0-2.777,2.194-5.464,5.933-5.464c3.23,0,5.49,2.108,5.49,5.122c0,3.407-1.794,5.768-4.13,5.768c-1.291,0-2.257-1.021-1.948-2.277 c0.372-1.495,1.089-3.112,1.089-4.191c0-0.967-0.542-1.775-1.663-1.775c-1.319,0-2.379,1.309-2.379,3.059 c0,1.115,0.394,1.869,0.394,1.869s-1.302,5.279-1.54,6.261c-0.405,1.666,0.053,4.368,0.094,4.604 c0.021,0.126,0.167,0.169,0.25,0.063c0.129-0.165,1.699-2.419,2.142-4.051c0.158-0.59,0.817-2.995,0.817-2.995 c0.43,0.784,1.681,1.446,3.013,1.446c3.963,0,6.822-3.494,6.822-7.833C20.394,5.112,16.849,2,12.289,2\"><\/path><\/svg><span class=\"wp-block-social-link-label\">Pinterest<\/span><\/a><\/li><\/ul>\n<\/div><\/div>\n<\/div><\/div>\n\n\n\n<div class=\"wp-block-group alignfull has-white-color has-text-color has-background has-link-color wp-elements-3f3e0d35d64e7e691c8930190c78ebdc\" style=\"background-color:#9ba8b2;padding-top:4em;padding-bottom:2em\"><div class=\"wp-block-group__inner-container is-layout-flow wp-block-group-is-layout-flow\">\n<div class=\"wp-block-columns is-layout-flex wp-container-core-columns-is-layout-9d6595d7 wp-block-columns-is-layout-flex\">\n<div class=\"wp-block-column is-vertically-aligned-top is-layout-flow wp-block-column-is-layout-flow\" style=\"flex-basis:24.62%\"><div class=\"wp-block-image\">\n<figure class=\"alignright size-large is-resized\"><img loading=\"lazy\" decoding=\"async\" src=\"https:\/\/marbleheart.at\/wp-content\/uploads\/2023\/01\/Marble-Heart.sublogo.watermark.white_.text_-edited-1024x1024.png\" alt=\"\" class=\"wp-image-466\" width=\"250\" height=\"250\" srcset=\"https:\/\/marbleheart.at\/wp-content\/uploads\/2023\/01\/Marble-Heart.sublogo.watermark.white_.text_-edited-1024x1024.png 1024w, https:\/\/marbleheart.at\/wp-content\/uploads\/2023\/01\/Marble-Heart.sublogo.watermark.white_.text_-edited-300x300.png 300w, https:\/\/marbleheart.at\/wp-content\/uploads\/2023\/01\/Marble-Heart.sublogo.watermark.white_.text_-edited-150x150.png 150w, https:\/\/marbleheart.at\/wp-content\/uploads\/2023\/01\/Marble-Heart.sublogo.watermark.white_.text_-edited-768x768.png 768w, https:\/\/marbleheart.at\/wp-content\/uploads\/2023\/01\/Marble-Heart.sublogo.watermark.white_.text_-edited-1536x1536.png 1536w, https:\/\/marbleheart.at\/wp-content\/uploads\/2023\/01\/Marble-Heart.sublogo.watermark.white_.text_-edited.png 1717w\" sizes=\"auto, (max-width: 250px) 100vw, 250px\" \/><\/figure>\n<\/div><\/div>\n\n\n\n<div class=\"wp-block-column is-vertically-aligned-center has-white-color has-text-color is-layout-flow wp-block-column-is-layout-flow\" style=\"flex-basis:18.46%\">\n<div id=\"wp-block-themeisle-blocks-icon-list-fdb12f02\" class=\"wp-block-themeisle-blocks-icon-list\">\n<div id=\"wp-block-themeisle-blocks-icon-list-item-03a18a42\" class=\"wp-block-themeisle-blocks-icon-list-item ticss-65d312e7\"><i class=\"fas fa-angle-right wp-block-themeisle-blocks-icon-list-item-icon\"><\/i><p class=\"wp-block-themeisle-blocks-icon-list-item-content-custom\"><a href=\"https:\/\/marbleheart.at\/?page_id=510\" data-type=\"page\" data-id=\"510\">Impressum<\/a><\/p><\/div>\n\n\n\n<div id=\"wp-block-themeisle-blocks-icon-list-item-cfa92f5a\" class=\"wp-block-themeisle-blocks-icon-list-item\"><i class=\"fas fa-angle-right wp-block-themeisle-blocks-icon-list-item-icon\"><\/i><p class=\"wp-block-themeisle-blocks-icon-list-item-content\"><a href=\"https:\/\/marbleheart.at\/index.php\/kontakt\/\">Kontaktformular<\/a><\/p><\/div>\n\n\n\n<div id=\"wp-block-themeisle-blocks-icon-list-item-bdbaf424\" class=\"wp-block-themeisle-blocks-icon-list-item\"><i class=\"fas fa-angle-right wp-block-themeisle-blocks-icon-list-item-icon\"><\/i><p class=\"wp-block-themeisle-blocks-icon-list-item-content\"><a href=\"https:\/\/marbleheart.at\/?page_id=513\" data-type=\"page\" data-id=\"513\">Datenschutzerkl\u00e4rung<\/a><\/p><\/div>\n\n\n\n<div id=\"wp-block-themeisle-blocks-icon-list-item-b7a4b6cf\" class=\"wp-block-themeisle-blocks-icon-list-item\"><i class=\"fas fa-angle-right wp-block-themeisle-blocks-icon-list-item-icon\"><\/i><p class=\"wp-block-themeisle-blocks-icon-list-item-content\"><a href=\"https:\/\/marbleheart.at\/index.php\/faq\/\">H\u00e4ufige Fragen<\/a><\/p><\/div>\n\n\n\n<div id=\"wp-block-themeisle-blocks-icon-list-item-ca6dd75b\" class=\"wp-block-themeisle-blocks-icon-list-item\"><i class=\"fas fa-angle-right wp-block-themeisle-blocks-icon-list-item-icon\"><\/i><p class=\"wp-block-themeisle-blocks-icon-list-item-content\"><a href=\"https:\/\/marbleheart.at\/?page_id=515\" data-type=\"page\" data-id=\"515\">Pflegehinweise<\/a><\/p><\/div>\n<\/div>\n<\/div>\n\n\n\n<div class=\"wp-block-column is-vertically-aligned-center is-layout-flow wp-block-column-is-layout-flow\" style=\"flex-basis:20%\">\n<div class=\"wp-block-wpzoom-blocks-social-icons is-style-without-canvas-with-border show-icon-labels-style\" style=\"--wpz-social-icons-block-item-font-size:19px;--wpz-social-icons-block-item-padding-horizontal:6px;--wpz-social-icons-block-item-padding-vertical:6px;--wpz-social-icons-block-item-margin-horizontal:5px;--wpz-social-icons-block-item-margin-vertical:5px;--wpz-social-icons-block-item-border-radius:10px;--wpz-social-icons-block-label-font-size:18px;--wpz-social-icons-block-label-color:#fff;--wpz-social-icons-block-label-color-hover:#f1f1f1;--wpz-social-icons-alignment:flex-start\"><a href=\"https:\/\/www.etsy.com\/shop\/MarbleheartShop\" class=\"social-icon-link\" title=\"Etsy\" target=\"_blank\" style=\"--wpz-social-icons-block-item-color:#fff;--wpz-social-icons-block-item-color-hover:#9ba8b2\" rel=\"noopener\"><span class=\"social-icon socicon socicon-etsy\"><\/span><span class=\"icon-label\">Etsy<\/span><\/a><a href=\"https:\/\/www.instagram.com\/marbleheart.at\/\" class=\"social-icon-link\" title=\"Instagram\" target=\"_blank\" style=\"--wpz-social-icons-block-item-color:#fff;--wpz-social-icons-block-item-color-hover:#9ba8b2\" rel=\"noopener\"><span class=\"social-icon socicon socicon-instagram\"><\/span><span class=\"icon-label\">Instagram<\/span><\/a><a href=\"https:\/\/wordpress.org\" class=\"social-icon-link\" title=\"Pinterest\" target=\"_blank\" style=\"--wpz-social-icons-block-item-color:#fff;--wpz-social-icons-block-item-color-hover:#9ba8b2\" rel=\"noopener\"><span class=\"social-icon socicon socicon-pinterest\"><\/span><span class=\"icon-label\">Pinterest<\/span><\/a><\/div>\n<\/div>\n\n\n\n<div class=\"wp-block-column is-layout-flow wp-block-column-is-layout-flow\" style=\"flex-basis:5%\"><\/div>\n<\/div>\n<\/div><\/div>\n","protected":false},"excerpt":{"rendered":"<p>Sch\u00f6n, dass du hier bist! Ich hei\u00dfe Claudia und bin im wundersch\u00f6nen Ober\u00f6sterreich in der Gemeinde Scharten zu Hause. Wenn mich meine Zwillinge nicht gerade auf Trab halten, liebe ich es, mich kreativ zu bet\u00e4tigen. Hierbei bleibt nichts vor mir sicher. Seifen sieden, plotten, kn\u00fcpfen, fotografieren,&#8230;alles wird ausprobiert, aber speziell das Gestalten mit Resin hat mein Herz im Sturm erobert. Die M\u00f6glichkeiten sind schier unendlich und auch wenn Epoxidharz selten das tut, was der K\u00fcnstler will, entstehen meist wundersch\u00f6ne Kunstwerke! [&hellip;]<\/p>\n","protected":false},"author":1,"featured_media":0,"parent":0,"menu_order":3,"comment_status":"closed","ping_status":"closed","template":"","meta":{"qubely_global_settings":"","qubely_interactions":"","_eb_attr":"","_uag_custom_page_level_css":"","_themeisle_gutenberg_block_has_review":false,"footnotes":""},"class_list":["post-207","page","type-page","status-publish","hentry"],"uagb_featured_image_src":{"full":false,"thumbnail":false,"medium":false,"medium_large":false,"large":false,"1536x1536":false,"2048x2048":false,"qubely_landscape":false,"qubely_portrait":false,"qubely_thumbnail":false},"uagb_author_info":{"display_name":"claudia","author_link":"https:\/\/marbleheart.at\/index.php\/author\/claudia\/"},"uagb_comment_info":0,"uagb_excerpt":"Sch\u00f6n, dass du hier bist! Ich hei\u00dfe Claudia und bin im wundersch\u00f6nen Ober\u00f6sterreich in der Gemeinde Scharten zu Hause. Wenn mich meine Zwillinge nicht gerade auf Trab halten, liebe ich es, mich kreativ zu bet\u00e4tigen. Hierbei bleibt nichts vor mir sicher. Seifen sieden, plotten, kn\u00fcpfen, fotografieren,&#8230;alles wird ausprobiert, aber speziell das Gestalten mit Resin hat&hellip;","_links":{"self":[{"href":"https:\/\/marbleheart.at\/index.php\/wp-json\/wp\/v2\/pages\/207","targetHints":{"allow":["GET"]}}],"collection":[{"href":"https:\/\/marbleheart.at\/index.php\/wp-json\/wp\/v2\/pages"}],"about":[{"href":"https:\/\/marbleheart.at\/index.php\/wp-json\/wp\/v2\/types\/page"}],"author":[{"embeddable":true,"href":"https:\/\/marbleheart.at\/index.php\/wp-json\/wp\/v2\/users\/1"}],"replies":[{"embeddable":true,"href":"https:\/\/marbleheart.at\/index.php\/wp-json\/wp\/v2\/comments?post=207"}],"version-history":[{"count":32,"href":"https:\/\/marbleheart.at\/index.php\/wp-json\/wp\/v2\/pages\/207\/revisions"}],"predecessor-version":[{"id":713,"href":"https:\/\/marbleheart.at\/index.php\/wp-json\/wp\/v2\/pages\/207\/revisions\/713"}],"wp:attachment":[{"href":"https:\/\/marbleheart.at\/index.php\/wp-json\/wp\/v2\/media?parent=207"}],"curies":[{"name":"wp","href":"https:\/\/api.w.org\/{rel}","templated":true}]}}