{"id":17,"date":"2019-01-27T14:38:09","date_gmt":"2019-01-27T14:38:09","guid":{"rendered":"http:\/\/marbleheart.at\/?page_id=17"},"modified":"2023-08-24T06:43:23","modified_gmt":"2023-08-24T06:43:23","slug":"home","status":"publish","type":"page","link":"https:\/\/marbleheart.at\/","title":{"rendered":"Home"},"content":{"rendered":"\n<div class=\"wp-block-group alignfull has-background\" style=\"background-color:#17171700\"><div class=\"wp-block-group__inner-container is-layout-flow wp-block-group-is-layout-flow\">\n<figure class=\"wp-block-gallery has-nested-images columns-4 wp-block-gallery-1 is-layout-flex wp-block-gallery-is-layout-flex\">\n<figure class=\"wp-block-image size-large is-style-default\"><img loading=\"lazy\" decoding=\"async\" width=\"1024\" height=\"1024\" data-id=\"617\" src=\"https:\/\/marbleheart.at\/wp-content\/uploads\/2023\/01\/Herzlich-Willkommen_square_gerade-1024x1024.jpg\" alt=\"\" class=\"wp-image-617\" srcset=\"https:\/\/marbleheart.at\/wp-content\/uploads\/2023\/01\/Herzlich-Willkommen_square_gerade-1024x1024.jpg 1024w, https:\/\/marbleheart.at\/wp-content\/uploads\/2023\/01\/Herzlich-Willkommen_square_gerade-300x300.jpg 300w, https:\/\/marbleheart.at\/wp-content\/uploads\/2023\/01\/Herzlich-Willkommen_square_gerade-150x150.jpg 150w, https:\/\/marbleheart.at\/wp-content\/uploads\/2023\/01\/Herzlich-Willkommen_square_gerade-768x768.jpg 768w, https:\/\/marbleheart.at\/wp-content\/uploads\/2023\/01\/Herzlich-Willkommen_square_gerade-1536x1536.jpg 1536w, https:\/\/marbleheart.at\/wp-content\/uploads\/2023\/01\/Herzlich-Willkommen_square_gerade.jpg 1559w\" sizes=\"auto, (max-width: 1024px) 100vw, 1024px\" \/><\/figure>\n\n\n\n<figure class=\"wp-block-image size-large\"><img loading=\"lazy\" decoding=\"async\" width=\"1024\" height=\"1024\" data-id=\"737\" src=\"https:\/\/marbleheart.at\/wp-content\/uploads\/2023\/02\/IMG_4477-1024x1024.jpg\" alt=\"\" class=\"wp-image-737\" srcset=\"https:\/\/marbleheart.at\/wp-content\/uploads\/2023\/02\/IMG_4477-1024x1024.jpg 1024w, https:\/\/marbleheart.at\/wp-content\/uploads\/2023\/02\/IMG_4477-300x300.jpg 300w, https:\/\/marbleheart.at\/wp-content\/uploads\/2023\/02\/IMG_4477-150x150.jpg 150w, https:\/\/marbleheart.at\/wp-content\/uploads\/2023\/02\/IMG_4477-768x768.jpg 768w, https:\/\/marbleheart.at\/wp-content\/uploads\/2023\/02\/IMG_4477-1536x1536.jpg 1536w, https:\/\/marbleheart.at\/wp-content\/uploads\/2023\/02\/IMG_4477-2048x2048.jpg 2048w\" sizes=\"auto, (max-width: 1024px) 100vw, 1024px\" \/><\/figure>\n\n\n\n<figure class=\"wp-block-image size-large\"><img loading=\"lazy\" decoding=\"async\" width=\"1024\" height=\"1024\" data-id=\"623\" src=\"http:\/\/marbleheart.at\/wp-content\/uploads\/2023\/01\/DSC01441-1024x1024.jpg\" alt=\"\" class=\"wp-image-623\" srcset=\"https:\/\/marbleheart.at\/wp-content\/uploads\/2023\/01\/DSC01441-1024x1024.jpg 1024w, https:\/\/marbleheart.at\/wp-content\/uploads\/2023\/01\/DSC01441-300x300.jpg 300w, https:\/\/marbleheart.at\/wp-content\/uploads\/2023\/01\/DSC01441-150x150.jpg 150w, https:\/\/marbleheart.at\/wp-content\/uploads\/2023\/01\/DSC01441-768x768.jpg 768w, https:\/\/marbleheart.at\/wp-content\/uploads\/2023\/01\/DSC01441-1536x1536.jpg 1536w, https:\/\/marbleheart.at\/wp-content\/uploads\/2023\/01\/DSC01441.jpg 2048w\" sizes=\"auto, (max-width: 1024px) 100vw, 1024px\" \/><\/figure>\n\n\n\n<figure class=\"wp-block-image size-large\"><img loading=\"lazy\" decoding=\"async\" width=\"1024\" height=\"1024\" data-id=\"628\" src=\"http:\/\/marbleheart.at\/wp-content\/uploads\/2023\/01\/IMG_3944-2-1024x1024.jpg\" alt=\"\" class=\"wp-image-628\" srcset=\"https:\/\/marbleheart.at\/wp-content\/uploads\/2023\/01\/IMG_3944-2-1024x1024.jpg 1024w, https:\/\/marbleheart.at\/wp-content\/uploads\/2023\/01\/IMG_3944-2-300x300.jpg 300w, https:\/\/marbleheart.at\/wp-content\/uploads\/2023\/01\/IMG_3944-2-150x150.jpg 150w, https:\/\/marbleheart.at\/wp-content\/uploads\/2023\/01\/IMG_3944-2-768x768.jpg 768w, https:\/\/marbleheart.at\/wp-content\/uploads\/2023\/01\/IMG_3944-2-1536x1536.jpg 1536w, https:\/\/marbleheart.at\/wp-content\/uploads\/2023\/01\/IMG_3944-2.jpg 2048w\" sizes=\"auto, (max-width: 1024px) 100vw, 1024px\" \/><\/figure>\n\n\n\n<figure class=\"wp-block-image size-large\"><img loading=\"lazy\" decoding=\"async\" width=\"1024\" height=\"1024\" data-id=\"620\" src=\"http:\/\/marbleheart.at\/wp-content\/uploads\/2023\/01\/DSC01489-2-1024x1024.jpg\" alt=\"\" class=\"wp-image-620\" srcset=\"https:\/\/marbleheart.at\/wp-content\/uploads\/2023\/01\/DSC01489-2-1024x1024.jpg 1024w, https:\/\/marbleheart.at\/wp-content\/uploads\/2023\/01\/DSC01489-2-300x300.jpg 300w, https:\/\/marbleheart.at\/wp-content\/uploads\/2023\/01\/DSC01489-2-150x150.jpg 150w, https:\/\/marbleheart.at\/wp-content\/uploads\/2023\/01\/DSC01489-2-768x768.jpg 768w, https:\/\/marbleheart.at\/wp-content\/uploads\/2023\/01\/DSC01489-2-1536x1536.jpg 1536w, https:\/\/marbleheart.at\/wp-content\/uploads\/2023\/01\/DSC01489-2.jpg 2048w\" sizes=\"auto, (max-width: 1024px) 100vw, 1024px\" \/><\/figure>\n\n\n\n<figure class=\"wp-block-image size-large\"><img loading=\"lazy\" decoding=\"async\" width=\"1024\" height=\"1024\" data-id=\"690\" src=\"https:\/\/marbleheart.at\/wp-content\/uploads\/2023\/02\/IMG_4131-1024x1024.jpg\" alt=\"\" class=\"wp-image-690\" srcset=\"https:\/\/marbleheart.at\/wp-content\/uploads\/2023\/02\/IMG_4131-1024x1024.jpg 1024w, https:\/\/marbleheart.at\/wp-content\/uploads\/2023\/02\/IMG_4131-300x300.jpg 300w, https:\/\/marbleheart.at\/wp-content\/uploads\/2023\/02\/IMG_4131-150x150.jpg 150w, https:\/\/marbleheart.at\/wp-content\/uploads\/2023\/02\/IMG_4131-768x768.jpg 768w, https:\/\/marbleheart.at\/wp-content\/uploads\/2023\/02\/IMG_4131-1536x1536.jpg 1536w, https:\/\/marbleheart.at\/wp-content\/uploads\/2023\/02\/IMG_4131.jpg 2048w\" sizes=\"auto, (max-width: 1024px) 100vw, 1024px\" \/><\/figure>\n\n\n\n<figure class=\"wp-block-image size-large\"><img loading=\"lazy\" decoding=\"async\" width=\"1024\" height=\"1024\" data-id=\"632\" src=\"http:\/\/marbleheart.at\/wp-content\/uploads\/2023\/01\/IMG_3996-1024x1024.jpg\" alt=\"\" class=\"wp-image-632\" srcset=\"https:\/\/marbleheart.at\/wp-content\/uploads\/2023\/01\/IMG_3996-1024x1024.jpg 1024w, https:\/\/marbleheart.at\/wp-content\/uploads\/2023\/01\/IMG_3996-300x300.jpg 300w, https:\/\/marbleheart.at\/wp-content\/uploads\/2023\/01\/IMG_3996-150x150.jpg 150w, https:\/\/marbleheart.at\/wp-content\/uploads\/2023\/01\/IMG_3996-768x768.jpg 768w, https:\/\/marbleheart.at\/wp-content\/uploads\/2023\/01\/IMG_3996-1536x1536.jpg 1536w, https:\/\/marbleheart.at\/wp-content\/uploads\/2023\/01\/IMG_3996.jpg 2048w\" sizes=\"auto, (max-width: 1024px) 100vw, 1024px\" \/><\/figure>\n\n\n\n<figure class=\"wp-block-image size-large is-style-default\"><a href=\"https:\/\/www.etsy.com\/shop\/MarbleheartShop\" target=\"_blank\" rel=\"noreferrer noopener\"><img loading=\"lazy\" decoding=\"async\" width=\"1024\" height=\"1024\" data-id=\"586\" src=\"http:\/\/marbleheart.at\/wp-content\/uploads\/2023\/01\/zum-Shop_square-1-1024x1024.jpg\" alt=\"\" class=\"wp-image-586\" srcset=\"https:\/\/marbleheart.at\/wp-content\/uploads\/2023\/01\/zum-Shop_square-1-1024x1024.jpg 1024w, https:\/\/marbleheart.at\/wp-content\/uploads\/2023\/01\/zum-Shop_square-1-300x300.jpg 300w, https:\/\/marbleheart.at\/wp-content\/uploads\/2023\/01\/zum-Shop_square-1-150x150.jpg 150w, https:\/\/marbleheart.at\/wp-content\/uploads\/2023\/01\/zum-Shop_square-1-768x768.jpg 768w, https:\/\/marbleheart.at\/wp-content\/uploads\/2023\/01\/zum-Shop_square-1-1536x1536.jpg 1536w, https:\/\/marbleheart.at\/wp-content\/uploads\/2023\/01\/zum-Shop_square-1.jpg 1559w\" sizes=\"auto, (max-width: 1024px) 100vw, 1024px\" \/><\/a><\/figure>\n<\/figure>\n<\/div><\/div>\n\n\n\n<p class=\"has-text-align-center has-medium-font-size\">Willkommen bei Marble Heart &#8211; Weil selbstgemacht von Herzen kommt!<\/p>\n\n\n\n<p class=\"has-text-align-center\">Ich bin stolz darauf, dir eine kleine aber feine Auswahl an Produkten anzubieten, die mit Sorgfalt und Leidenschaft von mir gestaltet und handgefertigt wird.<\/p>\n\n\n\n<p class=\"has-text-align-center\">Von eleganten Schmucksch\u00e4lchen und liebevoll gestalteten Lesezeichen bis hin zu originellen Give-Aways f\u00fcr deine Feier oder einzigartigen Accessoires &#8211; bei mir wirst du bestimmt f\u00fcndig!<\/p>\n\n\n\n<p class=\"has-text-align-center\">Lass\u2018 dich verzaubern und entdecke mein Sortiment in meinem Etsy Shop!<\/p>\n\n\n\n<div class=\"wp-block-buttons is-content-justification-center is-layout-flex wp-container-core-buttons-is-layout-16018d1d wp-block-buttons-is-layout-flex\">\n<div class=\"wp-block-button has-custom-font-size has-large-font-size\"><a class=\"wp-block-button__link has-white-color has-text-color has-background wp-element-button\" href=\"https:\/\/marbleheartshop.etsy.com\" style=\"border-radius:54px;background-color:#9ba8b2\" target=\"_blank\" rel=\"noreferrer noopener\">   \u00bb zum SHOP \u00ab   <\/a><\/div>\n<\/div>\n\n\n\n<div class=\"wp-block-qubely-row alignfull qubely-section qubely-block-777359\"><div class=\"qubely-row-overlay\"><\/div><div class=\"qubely-container\"><div class=\"qubely-row \">\n<div class=\"wp-block-qubely-column qubely-column qubely-column-front qubely-block-a99e36\"><div class=\"qubely-column-inner\">\n<div class=\"wp-block-qubely-infobox qubely-block-dc780f ticss-ac55ddc3\"><div class=\"qubely-block-info-box  qubely-info-box-layout-1\"><div class=\"qubely-info-box-media qubely-media-has-bg\"><i class=\"qubely-info-box-icon fas fa-hand-holding-heart\"><\/i><\/div><div class=\"qubely-info-box-body\"><div class=\"qubely-info-box-title-container  qubely-separator-position-top\"><div class=\"qubely-info-box-title-inner\"><h2 class=\"qubely-info-box-title\">echte Handarbeit<\/h2><\/div><\/div><div class=\"qubely-info-box-content\"><div class=\"qubely-info-box-text\">Alle Produkte werden in Handarbeit hergestellt. So gleicht kein St\u00fcck dem anderen und der Fantasie sind keine Grenzen gesetzt. <\/div><\/div><\/div><\/div><\/div>\n<\/div><\/div>\n\n\n\n<div class=\"wp-block-qubely-column qubely-column qubely-column-front qubely-block-9b5194\"><div class=\"qubely-column-inner\">\n<div class=\"wp-block-qubely-infobox qubely-block-d67ba2 ticss-ac55ddc3\"><div class=\"qubely-block-info-box  qubely-info-box-layout-1\"><div class=\"qubely-info-box-media qubely-media-has-bg\"><i class=\"qubely-info-box-icon fas fa-crown\"><\/i><\/div><div class=\"qubely-info-box-body\"><div class=\"qubely-info-box-title-container  qubely-separator-position-top\"><div class=\"qubely-info-box-title-inner\"><h2 class=\"qubely-info-box-title\">Echte Einzelst\u00fccke<\/h2><\/div><\/div><div class=\"qubely-info-box-content\"><div class=\"qubely-info-box-text\">Jedes Produkt kann individuell an deine W\u00fcnschen angepasst werden. Durch die Auswahl der Farben oder Beschriftungen gestaltest du dein eigenes Unikat. <\/div><\/div><\/div><\/div><\/div>\n<\/div><\/div>\n\n\n\n<div class=\"wp-block-qubely-column qubely-column qubely-column-front qubely-block-25e949\"><div class=\"qubely-column-inner\">\n<div class=\"wp-block-qubely-infobox qubely-block-e04ac6 ticss-ac55ddc3\"><div class=\"qubely-block-info-box  qubely-info-box-layout-1\"><div class=\"qubely-info-box-media qubely-media-has-bg\"><i class=\"qubely-info-box-icon fas fa-flag\"><\/i><\/div><div class=\"qubely-info-box-body\"><div class=\"qubely-info-box-title-container  qubely-separator-position-top\"><div class=\"qubely-info-box-title-inner\"><h2 class=\"qubely-info-box-title\">Echt Made in Austria<\/h2><\/div><\/div><div class=\"qubely-info-box-content\"><div class=\"qubely-info-box-text\">Meine kleine Kreativwerkstatt liegt mitten im Herz von Ober\u00f6sterreich. Hier entstehen t\u00e4glich neue Kreationen. <\/div><\/div><\/div><\/div><\/div>\n<\/div><\/div>\n<\/div><\/div><\/div>\n\n\n\n<div class=\"wp-block-uagb-advanced-heading uagb-block-2783c2e1\"><h2 class=\"uagb-heading-text\">Danke an meine Kunden<\/h2><\/div>\n\n\n\n<div class=\"wp-block-qubely-row alignfull qubely-section qubely-block-eb2438\"><div class=\"qubely-row-overlay\"><\/div><div class=\"qubely-container\"><div class=\"qubely-row \">\n<div class=\"wp-block-qubely-column qubely-column qubely-column-front qubely-block-c50aa3\"><div class=\"qubely-column-inner\">\n<div class=\"wp-block-qubely-testimonial qubely-block-000991\"><div class=\"qubely-block-testimonial \"><div class=\"qubely-testimonial-author\"><div class=\"\"><div class=\"qubely-testimonial-author-info\"><div class=\"qubely-testimonial-author-name\"><span>Andrea K.<\/span><\/div><div class=\"qubely-testimonial-author-designation\"><span> Sales Manager<\/span><\/div><\/div><\/div><\/div><div class=\"qubely-testimonial-ratings\" style=\"--qubely-testimonial-rating:100%\"><\/div><div class=\"qubely-testimonial-content\"><div>Als &#8222;B\u00fccherwurm&#8220; finde ich Claudias hochwertige und handgemachte Lesezeichen besonders toll! Ich habe mich f\u00fcr ein edles Modell in Rot- und Goldt\u00f6nen entschieden und schlage meine B\u00fccher seither sogar noch lieber auf als vorher!<\/div><\/div><\/div><\/div>\n<\/div><\/div>\n\n\n\n<div class=\"wp-block-qubely-column qubely-column qubely-column-front qubely-block-e8345b\"><div class=\"qubely-column-inner\">\n<div class=\"wp-block-qubely-testimonial qubely-block-7dc2bf\"><div class=\"qubely-block-testimonial \"><div class=\"qubely-testimonial-author\"><div class=\"\"><div class=\"qubely-testimonial-author-info\"><div class=\"qubely-testimonial-author-name\"><span>Marlene S.<\/span><\/div><div class=\"qubely-testimonial-author-designation\"><span>Personalberaterin<\/span><\/div><\/div><\/div><\/div><div class=\"qubely-testimonial-ratings\" style=\"--qubely-testimonial-rating:100%\"><\/div><div class=\"qubely-testimonial-content\"><div>Ich habe nun schon mehrfach bei&nbsp;Marbleheart eine Auswahl an wundersch\u00f6nen handgefertigten Resin-Produkten bestellt und ich muss sagen, ich bin begeistert!&nbsp;<br>Ich bin wirklich beeindruckt von der Handwerkskunst, die in jedes einzelne Produkt eingeflossen ist. Jedes St\u00fcck ist einzigartig und individuell gestaltet!<\/div><\/div><\/div><\/div>\n<\/div><\/div>\n\n\n\n<div class=\"wp-block-qubely-column qubely-column qubely-column-front qubely-block-bc315e\"><div class=\"qubely-column-inner\">\n<div class=\"wp-block-qubely-testimonial qubely-block-2c0148\"><div class=\"qubely-block-testimonial \"><div class=\"qubely-testimonial-author\"><div class=\"\"><div class=\"qubely-testimonial-author-info\"><div class=\"qubely-testimonial-author-name\"><span>Sebastian W.<\/span><\/div><div class=\"qubely-testimonial-author-designation\"><span>Web Application Developer<\/span><\/div><\/div><\/div><\/div><div class=\"qubely-testimonial-ratings\" style=\"--qubely-testimonial-rating:100%\"><\/div><div class=\"qubely-testimonial-content\"><div><\/div><\/div><\/div><\/div>\n<\/div><\/div>\n<\/div><\/div><\/div>\n\n\n\n<div class=\"wp-block-group alignfull has-white-color has-text-color has-background has-link-color wp-elements-3f3e0d35d64e7e691c8930190c78ebdc\" style=\"background-color:#9ba8b2;padding-top:4em;padding-bottom:2em\"><div class=\"wp-block-group__inner-container is-layout-flow wp-block-group-is-layout-flow\">\n<div class=\"wp-block-columns is-layout-flex wp-container-core-columns-is-layout-9d6595d7 wp-block-columns-is-layout-flex\">\n<div class=\"wp-block-column is-vertically-aligned-top is-layout-flow wp-block-column-is-layout-flow\" style=\"flex-basis:24.62%\"><div class=\"wp-block-image\">\n<figure class=\"alignright size-large is-resized\"><img loading=\"lazy\" decoding=\"async\" src=\"https:\/\/marbleheart.at\/wp-content\/uploads\/2023\/01\/Marble-Heart.sublogo.watermark.white_.text_-edited-1024x1024.png\" alt=\"\" class=\"wp-image-466\" width=\"250\" height=\"250\" srcset=\"https:\/\/marbleheart.at\/wp-content\/uploads\/2023\/01\/Marble-Heart.sublogo.watermark.white_.text_-edited-1024x1024.png 1024w, https:\/\/marbleheart.at\/wp-content\/uploads\/2023\/01\/Marble-Heart.sublogo.watermark.white_.text_-edited-300x300.png 300w, https:\/\/marbleheart.at\/wp-content\/uploads\/2023\/01\/Marble-Heart.sublogo.watermark.white_.text_-edited-150x150.png 150w, https:\/\/marbleheart.at\/wp-content\/uploads\/2023\/01\/Marble-Heart.sublogo.watermark.white_.text_-edited-768x768.png 768w, https:\/\/marbleheart.at\/wp-content\/uploads\/2023\/01\/Marble-Heart.sublogo.watermark.white_.text_-edited-1536x1536.png 1536w, https:\/\/marbleheart.at\/wp-content\/uploads\/2023\/01\/Marble-Heart.sublogo.watermark.white_.text_-edited.png 1717w\" sizes=\"auto, (max-width: 250px) 100vw, 250px\" \/><\/figure>\n<\/div><\/div>\n\n\n\n<div class=\"wp-block-column is-vertically-aligned-center has-white-color has-text-color is-layout-flow wp-block-column-is-layout-flow\" style=\"flex-basis:18.46%\">\n<div id=\"wp-block-themeisle-blocks-icon-list-fdb12f02\" class=\"wp-block-themeisle-blocks-icon-list\">\n<div id=\"wp-block-themeisle-blocks-icon-list-item-03a18a42\" class=\"wp-block-themeisle-blocks-icon-list-item ticss-65d312e7\"><i class=\"fas fa-angle-right wp-block-themeisle-blocks-icon-list-item-icon\"><\/i><p class=\"wp-block-themeisle-blocks-icon-list-item-content-custom\"><a href=\"https:\/\/marbleheart.at\/?page_id=510\" data-type=\"page\" data-id=\"510\">Impressum<\/a><\/p><\/div>\n\n\n\n<div id=\"wp-block-themeisle-blocks-icon-list-item-cfa92f5a\" class=\"wp-block-themeisle-blocks-icon-list-item\"><i class=\"fas fa-angle-right wp-block-themeisle-blocks-icon-list-item-icon\"><\/i><p class=\"wp-block-themeisle-blocks-icon-list-item-content\"><a href=\"https:\/\/marbleheart.at\/index.php\/kontakt\/\">Kontaktformular<\/a><\/p><\/div>\n\n\n\n<div id=\"wp-block-themeisle-blocks-icon-list-item-bdbaf424\" class=\"wp-block-themeisle-blocks-icon-list-item\"><i class=\"fas fa-angle-right wp-block-themeisle-blocks-icon-list-item-icon\"><\/i><p class=\"wp-block-themeisle-blocks-icon-list-item-content\"><a href=\"https:\/\/marbleheart.at\/?page_id=513\" data-type=\"page\" data-id=\"513\">Datenschutzerkl\u00e4rung<\/a><\/p><\/div>\n\n\n\n<div id=\"wp-block-themeisle-blocks-icon-list-item-b7a4b6cf\" class=\"wp-block-themeisle-blocks-icon-list-item\"><i class=\"fas fa-angle-right wp-block-themeisle-blocks-icon-list-item-icon\"><\/i><p class=\"wp-block-themeisle-blocks-icon-list-item-content\"><a href=\"https:\/\/marbleheart.at\/index.php\/faq\/\">H\u00e4ufige Fragen<\/a><\/p><\/div>\n\n\n\n<div id=\"wp-block-themeisle-blocks-icon-list-item-ca6dd75b\" class=\"wp-block-themeisle-blocks-icon-list-item\"><i class=\"fas fa-angle-right wp-block-themeisle-blocks-icon-list-item-icon\"><\/i><p class=\"wp-block-themeisle-blocks-icon-list-item-content\"><a href=\"https:\/\/marbleheart.at\/?page_id=515\" data-type=\"page\" data-id=\"515\">Pflegehinweise<\/a><\/p><\/div>\n<\/div>\n<\/div>\n\n\n\n<div class=\"wp-block-column is-vertically-aligned-center is-layout-flow wp-block-column-is-layout-flow\" style=\"flex-basis:20%\">\n<div class=\"wp-block-wpzoom-blocks-social-icons is-style-without-canvas-with-border show-icon-labels-style\" style=\"--wpz-social-icons-block-item-font-size:19px;--wpz-social-icons-block-item-padding-horizontal:6px;--wpz-social-icons-block-item-padding-vertical:6px;--wpz-social-icons-block-item-margin-horizontal:5px;--wpz-social-icons-block-item-margin-vertical:5px;--wpz-social-icons-block-item-border-radius:10px;--wpz-social-icons-block-label-font-size:18px;--wpz-social-icons-block-label-color:#fff;--wpz-social-icons-block-label-color-hover:#f1f1f1;--wpz-social-icons-alignment:flex-start\"><a href=\"https:\/\/www.etsy.com\/shop\/MarbleheartShop\" class=\"social-icon-link\" title=\"Etsy\" target=\"_blank\" style=\"--wpz-social-icons-block-item-color:#fff;--wpz-social-icons-block-item-color-hover:#9ba8b2\" rel=\"noopener\"><span class=\"social-icon socicon socicon-etsy\"><\/span><span class=\"icon-label\">Etsy<\/span><\/a><a href=\"https:\/\/www.instagram.com\/marbleheart.at\/\" class=\"social-icon-link\" title=\"Instagram\" target=\"_blank\" style=\"--wpz-social-icons-block-item-color:#fff;--wpz-social-icons-block-item-color-hover:#9ba8b2\" rel=\"noopener\"><span class=\"social-icon socicon socicon-instagram\"><\/span><span class=\"icon-label\">Instagram<\/span><\/a><a href=\"https:\/\/wordpress.org\" class=\"social-icon-link\" title=\"Pinterest\" target=\"_blank\" style=\"--wpz-social-icons-block-item-color:#fff;--wpz-social-icons-block-item-color-hover:#9ba8b2\" rel=\"noopener\"><span class=\"social-icon socicon socicon-pinterest\"><\/span><span class=\"icon-label\">Pinterest<\/span><\/a><\/div>\n<\/div>\n\n\n\n<div class=\"wp-block-column is-layout-flow wp-block-column-is-layout-flow\" style=\"flex-basis:5%\"><\/div>\n<\/div>\n<\/div><\/div>\n","protected":false},"excerpt":{"rendered":"<p>Willkommen bei Marble Heart &#8211; Weil selbstgemacht von Herzen kommt! Ich bin stolz darauf, dir eine kleine aber feine Auswahl an Produkten anzubieten, die mit Sorgfalt und Leidenschaft von mir gestaltet und handgefertigt wird. Von eleganten Schmucksch\u00e4lchen und liebevoll gestalteten Lesezeichen bis hin zu originellen Give-Aways f\u00fcr deine Feier oder einzigartigen Accessoires &#8211; bei mir wirst du bestimmt f\u00fcndig! Lass\u2018 dich verzaubern und entdecke mein Sortiment in meinem Etsy Shop! Danke an meine Kunden<\/p>\n","protected":false},"author":1,"featured_media":0,"parent":0,"menu_order":1,"comment_status":"closed","ping_status":"closed","template":"templates\/full-width-page.php","meta":{"qubely_global_settings":"","qubely_interactions":"","_eb_attr":"","_uag_custom_page_level_css":"","_themeisle_gutenberg_block_has_review":false,"footnotes":""},"class_list":["post-17","page","type-page","status-publish","hentry"],"uagb_featured_image_src":{"full":false,"thumbnail":false,"medium":false,"medium_large":false,"large":false,"1536x1536":false,"2048x2048":false,"qubely_landscape":false,"qubely_portrait":false,"qubely_thumbnail":false},"uagb_author_info":{"display_name":"claudia","author_link":"https:\/\/marbleheart.at\/index.php\/author\/claudia\/"},"uagb_comment_info":0,"uagb_excerpt":"Willkommen bei Marble Heart &#8211; Weil selbstgemacht von Herzen kommt! Ich bin stolz darauf, dir eine kleine aber feine Auswahl an Produkten anzubieten, die mit Sorgfalt und Leidenschaft von mir gestaltet und handgefertigt wird. Von eleganten Schmucksch\u00e4lchen und liebevoll gestalteten Lesezeichen bis hin zu originellen Give-Aways f\u00fcr deine Feier oder einzigartigen Accessoires &#8211; bei mir&hellip;","_links":{"self":[{"href":"https:\/\/marbleheart.at\/index.php\/wp-json\/wp\/v2\/pages\/17","targetHints":{"allow":["GET"]}}],"collection":[{"href":"https:\/\/marbleheart.at\/index.php\/wp-json\/wp\/v2\/pages"}],"about":[{"href":"https:\/\/marbleheart.at\/index.php\/wp-json\/wp\/v2\/types\/page"}],"author":[{"embeddable":true,"href":"https:\/\/marbleheart.at\/index.php\/wp-json\/wp\/v2\/users\/1"}],"replies":[{"embeddable":true,"href":"https:\/\/marbleheart.at\/index.php\/wp-json\/wp\/v2\/comments?post=17"}],"version-history":[{"count":134,"href":"https:\/\/marbleheart.at\/index.php\/wp-json\/wp\/v2\/pages\/17\/revisions"}],"predecessor-version":[{"id":771,"href":"https:\/\/marbleheart.at\/index.php\/wp-json\/wp\/v2\/pages\/17\/revisions\/771"}],"wp:attachment":[{"href":"https:\/\/marbleheart.at\/index.php\/wp-json\/wp\/v2\/media?parent=17"}],"curies":[{"name":"wp","href":"https:\/\/api.w.org\/{rel}","templated":true}]}}